{"id":2,"date":"2022-05-25T13:02:34","date_gmt":"2022-05-25T13:02:34","guid":{"rendered":"http:\/\/gimtadieniosvente.lt\/?page_id=2"},"modified":"2024-02-10T16:30:54","modified_gmt":"2024-02-10T16:30:54","slug":"sample-page","status":"publish","type":"page","link":"https:\/\/gimtadieniosvente.lt\/index.php\/sample-page\/","title":{"rendered":"Gimtadienio \u0161vent\u0117"},"content":{"rendered":"\n<p>\u0160iame puslapyje rasite pasi\u016blymus Gimtadieni\u0173 \u0161vent\u0117ms.<\/p>\n\n\n\n<p>Jeigu norite pateikti  savo pasi\u016blymus m\u016bs\u0173 svetain\u0117s lankytojams, susisiekite elektroniniu pa\u0161tu info@gimtadieniosvente.lt<\/p>\n\n\n\n<p><\/p>\n","protected":false},"excerpt":{"rendered":"<p>\u0160iame puslapyje rasite pasi\u016blymus Gimtadieni\u0173 \u0161vent\u0117ms. Jeigu norite pateikti savo pasi\u016blymus m\u016bs\u0173 svetain\u0117s lankytojams, susisiekite elektroniniu pa\u0161tu info@gimtadieniosvente.lt<\/p>\n","protected":false},"author":1,"featured_media":0,"parent":0,"menu_order":0,"comment_status":"closed","ping_status":"open","template":"","meta":{"om_disable_all_campaigns":false,"_monsterinsights_skip_tracking":false,"_monsterinsights_sitenote_active":false,"_monsterinsights_sitenote_note":"","_monsterinsights_sitenote_category":0,"footnotes":""},"_links":{"self":[{"href":"https:\/\/gimtadieniosvente.lt\/index.php\/wp-json\/wp\/v2\/pages\/2"}],"collection":[{"href":"https:\/\/gimtadieniosvente.lt\/index.php\/wp-json\/wp\/v2\/pages"}],"about":[{"href":"https:\/\/gimtadieniosvente.lt\/index.php\/wp-json\/wp\/v2\/types\/page"}],"author":[{"embeddable":true,"href":"https:\/\/gimtadieniosvente.lt\/index.php\/wp-json\/wp\/v2\/users\/1"}],"replies":[{"embeddable":true,"href":"https:\/\/gimtadieniosvente.lt\/index.php\/wp-json\/wp\/v2\/comments?post=2"}],"version-history":[{"count":1,"href":"https:\/\/gimtadieniosvente.lt\/index.php\/wp-json\/wp\/v2\/pages\/2\/revisions"}],"predecessor-version":[{"id":16,"href":"https:\/\/gimtadieniosvente.lt\/index.php\/wp-json\/wp\/v2\/pages\/2\/revisions\/16"}],"wp:attachment":[{"href":"https:\/\/gimtadieniosvente.lt\/index.php\/wp-json\/wp\/v2\/media?parent=2"}],"curies":[{"name":"wp","href":"https:\/\/api.w.org\/{rel}","templated":true}]}}