{"id":28,"date":"2024-04-03T05:31:23","date_gmt":"2024-04-03T05:31:23","guid":{"rendered":"http:\/\/gimtadieniosvente.lt\/?page_id=28"},"modified":"2024-04-03T05:32:13","modified_gmt":"2024-04-03T05:32:13","slug":"supergimtadienis-ka-ringas","status":"publish","type":"page","link":"https:\/\/gimtadieniosvente.lt\/index.php\/supergimtadienis-ka-ringas\/","title":{"rendered":"Supergimtadienis &#8222;Ka-ringas&#8221;"},"content":{"rendered":"\n<p>Ie\u0161kote aktyvaus, kupino siurpriz\u0173 bei nei\u0161dildom\u0173 emocij\u0173 gimtadienio? Lazeri\u0173 erdv\u0117 Ka-ringas yra paruo\u0161usi supergimtadienio variant\u0105, kuriame ne tik \u017eaidimas elektroniniais \u0161autuvais, \u012fvairios misijos, u\u017eduotys, bet ir u\u017erakinto lobio \u012fveikimas bei pinjatos mu\u0161imas. <\/p>\n\n\n\n<figure class=\"wp-block-image size-full\"><img loading=\"lazy\" decoding=\"async\" width=\"800\" height=\"534\" src=\"https:\/\/gimtadieniosvente.lt\/wp-content\/uploads\/2024\/04\/zaidimas-lazeriais-draugu-musis-klube-ka-ringas-kaune.jpg\" alt=\"\" class=\"wp-image-30\" srcset=\"https:\/\/gimtadieniosvente.lt\/wp-content\/uploads\/2024\/04\/zaidimas-lazeriais-draugu-musis-klube-ka-ringas-kaune.jpg 800w, https:\/\/gimtadieniosvente.lt\/wp-content\/uploads\/2024\/04\/zaidimas-lazeriais-draugu-musis-klube-ka-ringas-kaune-300x200.jpg 300w, https:\/\/gimtadieniosvente.lt\/wp-content\/uploads\/2024\/04\/zaidimas-lazeriais-draugu-musis-klube-ka-ringas-kaune-768x513.jpg 768w\" sizes=\"(max-width: 800px) 100vw, 800px\" \/><\/figure>\n\n\n\n<p>\/<\/p>\n","protected":false},"excerpt":{"rendered":"<p>Ie\u0161kote aktyvaus, kupino siurpriz\u0173 bei nei\u0161dildom\u0173 emocij\u0173 gimtadienio? Lazeri\u0173 erdv\u0117 Ka-ringas yra paruo\u0161usi supergimtadienio variant\u0105, kuriame ne tik \u017eaidimas elektroniniais \u0161autuvais, \u012fvairios misijos, u\u017eduotys, bet ir u\u017erakinto lobio \u012fveikimas bei pinjatos mu\u0161imas. \/<\/p>\n","protected":false},"author":1,"featured_media":0,"parent":0,"menu_order":0,"comment_status":"closed","ping_status":"closed","template":"","meta":{"om_disable_all_campaigns":false,"_monsterinsights_skip_tracking":false,"_monsterinsights_sitenote_active":false,"_monsterinsights_sitenote_note":"","_monsterinsights_sitenote_category":0,"footnotes":""},"_links":{"self":[{"href":"https:\/\/gimtadieniosvente.lt\/index.php\/wp-json\/wp\/v2\/pages\/28"}],"collection":[{"href":"https:\/\/gimtadieniosvente.lt\/index.php\/wp-json\/wp\/v2\/pages"}],"about":[{"href":"https:\/\/gimtadieniosvente.lt\/index.php\/wp-json\/wp\/v2\/types\/page"}],"author":[{"embeddable":true,"href":"https:\/\/gimtadieniosvente.lt\/index.php\/wp-json\/wp\/v2\/users\/1"}],"replies":[{"embeddable":true,"href":"https:\/\/gimtadieniosvente.lt\/index.php\/wp-json\/wp\/v2\/comments?post=28"}],"version-history":[{"count":2,"href":"https:\/\/gimtadieniosvente.lt\/index.php\/wp-json\/wp\/v2\/pages\/28\/revisions"}],"predecessor-version":[{"id":32,"href":"https:\/\/gimtadieniosvente.lt\/index.php\/wp-json\/wp\/v2\/pages\/28\/revisions\/32"}],"wp:attachment":[{"href":"https:\/\/gimtadieniosvente.lt\/index.php\/wp-json\/wp\/v2\/media?parent=28"}],"curies":[{"name":"wp","href":"https:\/\/api.w.org\/{rel}","templated":true}]}}